{"id":344,"date":"2016-01-06T11:31:27","date_gmt":"2016-01-06T11:31:27","guid":{"rendered":"http:\/\/consulting.stylemixthemes.com\/demo\/?page_id=344"},"modified":"2023-02-17T14:37:16","modified_gmt":"2023-02-17T14:37:16","slug":"a-propos","status":"publish","type":"page","link":"https:\/\/cisselaw.com\/index.php\/a-propos\/","title":{"rendered":"A propos"},"content":{"rendered":"<section class=\"wpb-content-wrapper\"><p>[vc_row css=&#8221;.vc_custom_1451991003825{margin-bottom: 100px !important;}&#8221;][vc_column width=&#8221;5\/6&#8243;][vc_column_text]<\/p>\n<h2>\u00c0 propos de nous<\/h2>\n<p>Me Saran Ciss\u00e9 est membre du Barreau de l\u2019Ontario et du barreau du Qu\u00e9bec, et intervient aussi bien pour des causes en Ontario qu\u2019au Qu\u00e9bec. Elle est titulaire de deux baccalaur\u00e9ats en droit, l\u2019un en droit civil (LL.L.) et l\u2019autre en Common Law (J.D.) tous deux obtenus \u00e0 l\u2019Universit\u00e9 d\u2019Ottawa;<\/p>\n<p>Elle est bilingue en Fran\u00e7ais et Anglais et ses comp\u00e9tences vari\u00e9es font d\u2019elle votre professionnelle de r\u00e9f\u00e9rence pour vous conseiller au mieux de vos int\u00e9r\u00eats dans les domaines du droit de la famille, droit de l\u2019immigration et droit criminel et p\u00e9nal.<\/p>\n<p>Notre cabinet est une structure qui privil\u00e9gie la relation directe entre le client et l\u2019avocat. Nous sommes l\u00e0 pour aborder avec vous les diverses questions juridiques qui se posent \u00e0 vous en droit familial, civil, criminel et en droit de l\u2019immigration.<\/p>\n<p>Bien que les discussions et les accords \u00e0 l\u2019amiable soient toujours favoris\u00e9s, soyez s\u00fbr d\u2019\u00eatre efficacement guid\u00e9 dans le cadre d\u2019une proc\u00e9dure contentieuse. Nous portons une r\u00e9elle attention au respect des int\u00e9r\u00eats de chacune des parties.[\/vc_column_text][\/vc_column][vc_column width=&#8221;1\/6&#8243;][\/vc_column][\/vc_row]<\/p>\n<\/section>","protected":false},"excerpt":{"rendered":"<p>[vc_row css=&#8221;.vc_custom_1451991003825{margin-bottom: 100px !important;}&#8221;][vc_column width=&#8221;5\/6&#8243;][vc_column_text] \u00c0 propos de nous Me Saran Ciss\u00e9 est membre du Barreau de l\u2019Ontario et du barreau du Qu\u00e9bec, et intervient aussi bien pour des causes en Ontario qu\u2019au Qu\u00e9bec. Elle est titulaire de deux baccalaur\u00e9ats en droit, l\u2019un en droit civil (LL.L.) et l\u2019autre en Common Law (J.D.) tous deux<\/p>\n","protected":false},"author":1,"featured_media":0,"parent":0,"menu_order":0,"comment_status":"closed","ping_status":"closed","template":"","meta":{"om_disable_all_campaigns":false,"_monsterinsights_skip_tracking":false,"_monsterinsights_sitenote_active":false,"_monsterinsights_sitenote_note":"","_monsterinsights_sitenote_category":0},"aioseo_notices":[],"_links":{"self":[{"href":"https:\/\/cisselaw.com\/index.php\/wp-json\/wp\/v2\/pages\/344"}],"collection":[{"href":"https:\/\/cisselaw.com\/index.php\/wp-json\/wp\/v2\/pages"}],"about":[{"href":"https:\/\/cisselaw.com\/index.php\/wp-json\/wp\/v2\/types\/page"}],"author":[{"embeddable":true,"href":"https:\/\/cisselaw.com\/index.php\/wp-json\/wp\/v2\/users\/1"}],"replies":[{"embeddable":true,"href":"https:\/\/cisselaw.com\/index.php\/wp-json\/wp\/v2\/comments?post=344"}],"version-history":[{"count":20,"href":"https:\/\/cisselaw.com\/index.php\/wp-json\/wp\/v2\/pages\/344\/revisions"}],"predecessor-version":[{"id":8039,"href":"https:\/\/cisselaw.com\/index.php\/wp-json\/wp\/v2\/pages\/344\/revisions\/8039"}],"wp:attachment":[{"href":"https:\/\/cisselaw.com\/index.php\/wp-json\/wp\/v2\/media?parent=344"}],"curies":[{"name":"wp","href":"https:\/\/api.w.org\/{rel}","templated":true}]}}