{"id":1024,"date":"2015-12-14T07:14:55","date_gmt":"2015-12-14T07:14:55","guid":{"rendered":"http:\/\/consulting.stylemixthemes.com\/demo\/?page_id=2"},"modified":"2023-02-19T21:55:27","modified_gmt":"2023-02-19T21:55:27","slug":"sample-page-2","status":"publish","type":"page","link":"https:\/\/cisselaw.com\/","title":{"rendered":"Accueil"},"content":{"rendered":"<section class=\"wpb-content-wrapper\"><p>[vc_row full_width=&#8221;stretch_row_content_no_spaces&#8221; css=&#8221;.vc_custom_1611315786380{margin-bottom: 0px !important;}&#8221;][vc_column el_class=&#8221;br-bot-left-lg overflowed&#8221;][rev_slider_vc alias=&#8221;fullscreen-main-slider-en-1&#8243;][\/vc_column][\/vc_row][vc_row full_width=&#8221;stretch_row&#8221; css=&#8221;.vc_custom_1675008981965{padding-top: 100px !important;padding-bottom: 80px !important;background: #acc8e5 url(https:\/\/cisselaw.com\/wp-content\/uploads\/2023\/01\/bg_style_Saran_Cisse.png?id=7703) !important;background-position: center !important;background-repeat: no-repeat !important;background-size: cover !important;}&#8221; el_class=&#8221;br-top-right&#8221;][vc_column width=&#8221;1\/2&#8243; css=&#8221;.vc_custom_1611747504132{padding-right: 60px !important;}&#8221; offset=&#8221;vc_col-xs-12&#8243;][vc_custom_heading stripe_pos=&#8221;hide&#8221; stm_title_font_weight=&#8221;600&#8243; text=&#8221;Ensemble pour la d\u00e9fense<br \/>\nde vos droits.&#8221; font_container=&#8221;tag:h3|font_size:40px|text_align:left|color:%23112a46|line_height:50px&#8221; use_theme_fonts=&#8221;yes&#8221; css=&#8221;.vc_custom_1675009714660{margin-top: -8px !important;margin-bottom: 18px !important;}&#8221;][stm_icon_box title_color=&#8221;secondary&#8221; hide_title_line=&#8221;hide_title_line&#8221; icon=&#8221;stm-glob-shield&#8221; style=&#8221;icon_left&#8221; icon_size=&#8221;30&#8243; icon_color=&#8221;custom&#8221; icon_width=&#8221;80&#8243; title=&#8221;Famille&#8221; title_font_size=&#8221;20&#8243; icon_color_custom=&#8221;#ffffff&#8221; css=&#8221;.vc_custom_1676509961789{margin-bottom: 20px !important;padding-top: 20px !important;padding-right: 30px !important;padding-bottom: 20px !important;padding-left: 30px !important;background-color: #ffffff !important;border-radius: 10px !important;}&#8221;][\/stm_icon_box][stm_icon_box title_color=&#8221;secondary&#8221; hide_title_line=&#8221;hide_title_line&#8221; icon=&#8221;stm-glob-shield&#8221; style=&#8221;icon_left&#8221; icon_size=&#8221;30&#8243; icon_color=&#8221;custom&#8221; icon_width=&#8221;80&#8243; title=&#8221;P\u00e9nal\/Criminel&#8221; title_font_size=&#8221;20&#8243; icon_color_custom=&#8221;#ffffff&#8221; css=&#8221;.vc_custom_1676510017425{margin-bottom: 20px !important;padding-top: 20px !important;padding-right: 30px !important;padding-bottom: 20px !important;padding-left: 30px !important;background-color: #ffffff !important;border-radius: 10px !important;}&#8221;][\/stm_icon_box][stm_icon_box title_color=&#8221;secondary&#8221; hide_title_line=&#8221;hide_title_line&#8221; icon=&#8221;stm-glob-shield&#8221; style=&#8221;icon_left&#8221; icon_size=&#8221;30&#8243; icon_color=&#8221;custom&#8221; icon_width=&#8221;80&#8243; title=&#8221;Immigration&#8221; title_font_size=&#8221;20&#8243; icon_color_custom=&#8221;#ffffff&#8221; css=&#8221;.vc_custom_1676509990542{margin-bottom: 20px !important;padding-top: 20px !important;padding-right: 30px !important;padding-bottom: 20px !important;padding-left: 30px !important;background-color: #ffffff !important;border-radius: 10px !important;}&#8221;][\/stm_icon_box][\/vc_column][vc_column width=&#8221;1\/2&#8243; css=&#8221;.vc_custom_1611747493197{padding-right: 0px !important;padding-left: 0px !important;}&#8221; offset=&#8221;vc_col-xs-12&#8243;][vc_single_image image=&#8221;7711&#8243; img_size=&#8221;large&#8221; el_class=&#8221;br-bot-right overflowed&#8221;][\/vc_column][\/vc_row][vc_row css=&#8221;.vc_custom_1611636513351{padding-top: 100px !important;padding-bottom: 100px !important;background-color: #ffffff !important;}&#8221;][vc_column][vc_custom_heading stripe_pos=&#8221;hide&#8221; stm_title_font_weight=&#8221;700&#8243; text=&#8221;Comment \u00e7a marche&#8221; font_container=&#8221;tag:h3|font_size:40px|text_align:center&#8221; use_theme_fonts=&#8221;yes&#8221; css=&#8221;.vc_custom_1675035400949{margin-bottom: 40px !important;}&#8221;][stm_steps style=&#8221;style_2&#8243; disable_carousel=&#8221;yes&#8221;][stm_step stm_step_title=&#8221;CONTACTEZ-NOUS&#8221; stm_step_content=&#8221;Faites le premier pas, contactez notre cabinet pour obtenir un rendez-vous.&#8221;][stm_step stm_step_title=&#8221;PARLEZ \u00c0 UN AVOCAT&#8221; stm_step_content=&#8221;Votre demande de rendez-vous sera trait\u00e9e et on vous indiquera les documents \u00e0 rassembler dans le cadre de votre dossier.&#8221;][stm_step stm_step_title=&#8221;RENCONTREZ L&#8217;AVOCAT&#8221; stm_step_content=&#8221;Selon votre choix, une consultation virtuelle ou en personne avec l&#8217;avocat. Celui-ci vous expliquera vos droits, devoirs et les d\u00e9marches juridiques \u00e0 adopter.&#8221;][\/stm_steps][\/vc_column][\/vc_row][vc_row full_width=&#8221;stretch_row&#8221; css=&#8221;.vc_custom_1675141588612{margin-bottom: -60px !important;padding-top: 100px !important;padding-bottom: 100px !important;background: #002e5b url(https:\/\/cisselaw.com\/wp-content\/uploads\/2023\/01\/JoinUsCisseLaw-scaled.jpg?id=7768) !important;background-position: center !important;background-repeat: no-repeat !important;background-size: cover !important;}&#8221;][vc_column width=&#8221;1\/4&#8243;][\/vc_column][vc_column width=&#8221;1\/2&#8243;][vc_custom_heading stripe_pos=&#8221;hide&#8221; stm_title_font_weight=&#8221;600&#8243; text=&#8221;C&#8217;est le moment de commencer&#8221; font_container=&#8221;tag:h3|font_size:40px|text_align:center|color:%23ffffff|line_height:46px&#8221; use_theme_fonts=&#8221;yes&#8221; css=&#8221;.vc_custom_1675141742570{margin-bottom: 20px !important;}&#8221;][vc_btn title=&#8221;Contactez-nous&#8221; style=&#8221;classic&#8221; shape=&#8221;round&#8221; color=&#8221;theme_style_1&#8243; align=&#8221;center&#8221; link=&#8221;url:https%3A%2F%2Fcisselaw.com%2Findex.php%2Fcontactez-nous%2F&#8221;][\/vc_column][vc_column width=&#8221;1\/4&#8243;][\/vc_column][\/vc_row][vc_row full_width=&#8221;stretch_row&#8221; css=&#8221;.vc_custom_1611721102296{padding-top: 100px !important;padding-bottom: 100px !important;background-color: #f2f8fd !important;}&#8221;][vc_column][vc_custom_heading stripe_pos=&#8221;hide&#8221; stm_title_font_weight=&#8221;600&#8243; text=&#8221;T\u00e9moignages&#8221; font_container=&#8221;tag:h3|font_size:40px|text_align:center&#8221; use_theme_fonts=&#8221;yes&#8221; css=&#8221;.vc_custom_1675039813107{margin-bottom: 50px !important;}&#8221;][stm_testimonials_carousel style=&#8221;style_6&#8243; count=&#8221;6&#8243; per_row=&#8221;3&#8243; link=&#8221;url:%2Ftestimonials-page%2F||&#8221;][\/vc_column][\/vc_row]<\/p>\n<\/section>","protected":false},"excerpt":{"rendered":"<p>[vc_row full_width=&#8221;stretch_row_content_no_spaces&#8221; css=&#8221;.vc_custom_1611315786380{margin-bottom: 0px !important;}&#8221;][vc_column el_class=&#8221;br-bot-left-lg overflowed&#8221;][rev_slider_vc alias=&#8221;fullscreen-main-slider-en-1&#8243;][\/vc_column][\/vc_row][vc_row full_width=&#8221;stretch_row&#8221; css=&#8221;.vc_custom_1675008981965{padding-top: 100px !important;padding-bottom: 80px !important;background: #acc8e5 url(https:\/\/cisselaw.com\/wp-content\/uploads\/2023\/01\/bg_style_Saran_Cisse.png?id=7703) !important;background-position: center !important;background-repeat: no-repeat !important;background-size: cover !important;}&#8221; el_class=&#8221;br-top-right&#8221;][vc_column width=&#8221;1\/2&#8243; css=&#8221;.vc_custom_1611747504132{padding-right: 60px !important;}&#8221; offset=&#8221;vc_col-xs-12&#8243;][vc_custom_heading stripe_pos=&#8221;hide&#8221; stm_title_font_weight=&#8221;600&#8243; text=&#8221;Ensemble pour la d\u00e9fense de vos droits.&#8221; font_container=&#8221;tag:h3|font_size:40px|text_align:left|color:%23112a46|line_height:50px&#8221; use_theme_fonts=&#8221;yes&#8221; css=&#8221;.vc_custom_1675009714660{margin-top: -8px !important;margin-bottom: 18px !important;}&#8221;][stm_icon_box title_color=&#8221;secondary&#8221; hide_title_line=&#8221;hide_title_line&#8221; icon=&#8221;stm-glob-shield&#8221; style=&#8221;icon_left&#8221; icon_size=&#8221;30&#8243; icon_color=&#8221;custom&#8221; icon_width=&#8221;80&#8243; title=&#8221;Famille&#8221; title_font_size=&#8221;20&#8243; icon_color_custom=&#8221;#ffffff&#8221;<\/p>\n","protected":false},"author":1,"featured_media":0,"parent":0,"menu_order":0,"comment_status":"closed","ping_status":"closed","template":"","meta":{"om_disable_all_campaigns":false,"_monsterinsights_skip_tracking":false,"_monsterinsights_sitenote_active":false,"_monsterinsights_sitenote_note":"","_monsterinsights_sitenote_category":0},"aioseo_notices":[],"_links":{"self":[{"href":"https:\/\/cisselaw.com\/index.php\/wp-json\/wp\/v2\/pages\/1024"}],"collection":[{"href":"https:\/\/cisselaw.com\/index.php\/wp-json\/wp\/v2\/pages"}],"about":[{"href":"https:\/\/cisselaw.com\/index.php\/wp-json\/wp\/v2\/types\/page"}],"author":[{"embeddable":true,"href":"https:\/\/cisselaw.com\/index.php\/wp-json\/wp\/v2\/users\/1"}],"replies":[{"embeddable":true,"href":"https:\/\/cisselaw.com\/index.php\/wp-json\/wp\/v2\/comments?post=1024"}],"version-history":[{"count":58,"href":"https:\/\/cisselaw.com\/index.php\/wp-json\/wp\/v2\/pages\/1024\/revisions"}],"predecessor-version":[{"id":8056,"href":"https:\/\/cisselaw.com\/index.php\/wp-json\/wp\/v2\/pages\/1024\/revisions\/8056"}],"wp:attachment":[{"href":"https:\/\/cisselaw.com\/index.php\/wp-json\/wp\/v2\/media?parent=1024"}],"curies":[{"name":"wp","href":"https:\/\/api.w.org\/{rel}","templated":true}]}}